{"id":2,"date":"2012-12-20T14:50:48","date_gmt":"2012-12-20T14:50:48","guid":{"rendered":"http:\/\/www.jardindalice.eu\/?page_id=2"},"modified":"2020-01-05T16:11:07","modified_gmt":"2020-01-05T15:11:07","slug":"page-d-exemple","status":"publish","type":"page","link":"https:\/\/www.jardindalice.eu\/?page_id=2","title":{"rendered":"Pr\u00e9sentation"},"content":{"rendered":"<p style=\"text-align: center;\"><i><div id=\"metaslider-id-460\" style=\"max-width: 700px; margin: 0 auto;\" class=\"ml-slider-3-27-3 metaslider metaslider-flex metaslider-460 ml-slider\">\n    <div id=\"metaslider_container_460\">\n        <div id=\"metaslider_460\">\n            <ul aria-live=\"polite\" class=\"slides\">\n                <li style=\"display: block; width: 100%;\" class=\"slide-461 ms-image\"><img width=\"1024\" height=\"768\" src=\"https:\/\/www.jardindalice.eu\/wp-content\/uploads\/2014\/05\/studio.jpg\" class=\"slider-460 slide-461\" alt=\"\" loading=\"lazy\" rel=\"\" title=\"studio\" style=\"margin: 0 auto; width: 57.142857142857%\" srcset=\"https:\/\/www.jardindalice.eu\/wp-content\/uploads\/2014\/05\/studio.jpg 1024w, https:\/\/www.jardindalice.eu\/wp-content\/uploads\/2014\/05\/studio-300x225.jpg 300w\" sizes=\"(max-width: 1024px) 100vw, 1024px\" \/><\/li>\n                <li style=\"display: none; width: 100%;\" class=\"slide-462 ms-image\"><img width=\"2048\" height=\"1536\" src=\"https:\/\/www.jardindalice.eu\/wp-content\/uploads\/2013\/11\/IMG_1421.jpg\" class=\"slider-460 slide-462\" alt=\"\" loading=\"lazy\" rel=\"\" title=\"IMG_1421\" style=\"margin: 0 auto; width: 57.142857142857%\" srcset=\"https:\/\/www.jardindalice.eu\/wp-content\/uploads\/2013\/11\/IMG_1421.jpg 2048w, https:\/\/www.jardindalice.eu\/wp-content\/uploads\/2013\/11\/IMG_1421-300x225.jpg 300w, https:\/\/www.jardindalice.eu\/wp-content\/uploads\/2013\/11\/IMG_1421-1024x768.jpg 1024w\" sizes=\"(max-width: 2048px) 100vw, 2048px\" \/><\/li>\n                <li style=\"display: none; width: 100%;\" class=\"slide-463 ms-image\"><img width=\"1024\" height=\"768\" src=\"https:\/\/www.jardindalice.eu\/wp-content\/uploads\/2014\/05\/tam.jpg\" class=\"slider-460 slide-463\" alt=\"\" loading=\"lazy\" rel=\"\" title=\"tam\" style=\"margin: 0 auto; width: 57.142857142857%\" srcset=\"https:\/\/www.jardindalice.eu\/wp-content\/uploads\/2014\/05\/tam.jpg 1024w, https:\/\/www.jardindalice.eu\/wp-content\/uploads\/2014\/05\/tam-300x225.jpg 300w\" sizes=\"(max-width: 1024px) 100vw, 1024px\" \/><\/li>\n                <li style=\"display: none; width: 100%;\" class=\"slide-464 ms-image\"><img width=\"1024\" height=\"576\" src=\"https:\/\/www.jardindalice.eu\/wp-content\/uploads\/2014\/05\/stud.jpg\" class=\"slider-460 slide-464\" alt=\"\" loading=\"lazy\" rel=\"\" title=\"stud\" style=\"margin: 0 auto; width: 76.190476190476%\" srcset=\"https:\/\/www.jardindalice.eu\/wp-content\/uploads\/2014\/05\/stud.jpg 1024w, https:\/\/www.jardindalice.eu\/wp-content\/uploads\/2014\/05\/stud-300x168.jpg 300w\" sizes=\"(max-width: 1024px) 100vw, 1024px\" \/><\/li>\n                <li style=\"display: none; width: 100%;\" class=\"slide-465 ms-image\"><img width=\"1006\" height=\"1024\" src=\"https:\/\/www.jardindalice.eu\/wp-content\/uploads\/2014\/05\/JDA-LOGO.jpeg\" class=\"slider-460 slide-465\" alt=\"\" loading=\"lazy\" rel=\"\" title=\"JDA-LOGO\" style=\"margin: 0 auto; width: 42.103794642857%\" srcset=\"https:\/\/www.jardindalice.eu\/wp-content\/uploads\/2014\/05\/JDA-LOGO.jpeg 1006w, https:\/\/www.jardindalice.eu\/wp-content\/uploads\/2014\/05\/JDA-LOGO-294x300.jpeg 294w\" sizes=\"(max-width: 1006px) 100vw, 1006px\" \/><\/li>\n                <li style=\"display: none; width: 100%;\" class=\"slide-466 ms-image\"><img width=\"1024\" height=\"768\" src=\"https:\/\/www.jardindalice.eu\/wp-content\/uploads\/2014\/05\/groupe.jpg\" class=\"slider-460 slide-466\" alt=\"\" loading=\"lazy\" rel=\"\" title=\"groupe\" style=\"margin: 0 auto; width: 57.142857142857%\" srcset=\"https:\/\/www.jardindalice.eu\/wp-content\/uploads\/2014\/05\/groupe.jpg 1024w, https:\/\/www.jardindalice.eu\/wp-content\/uploads\/2014\/05\/groupe-300x225.jpg 300w\" sizes=\"(max-width: 1024px) 100vw, 1024px\" \/><\/li>\n                <li style=\"display: none; width: 100%;\" class=\"slide-467 ms-image\"><img width=\"1024\" height=\"768\" src=\"https:\/\/www.jardindalice.eu\/wp-content\/uploads\/2014\/05\/feli.jpg\" class=\"slider-460 slide-467\" alt=\"\" loading=\"lazy\" rel=\"\" title=\"feli\" style=\"margin: 0 auto; width: 57.142857142857%\" srcset=\"https:\/\/www.jardindalice.eu\/wp-content\/uploads\/2014\/05\/feli.jpg 1024w, https:\/\/www.jardindalice.eu\/wp-content\/uploads\/2014\/05\/feli-300x225.jpg 300w\" sizes=\"(max-width: 1024px) 100vw, 1024px\" \/><\/li>\n                <li style=\"display: none; width: 100%;\" class=\"slide-468 ms-image\"><img width=\"1024\" height=\"768\" src=\"https:\/\/www.jardindalice.eu\/wp-content\/uploads\/2014\/05\/ballon.jpeg\" class=\"slider-460 slide-468\" alt=\"\" loading=\"lazy\" rel=\"\" title=\"ballon\" style=\"margin: 0 auto; width: 57.142857142857%\" srcset=\"https:\/\/www.jardindalice.eu\/wp-content\/uploads\/2014\/05\/ballon.jpeg 1024w, https:\/\/www.jardindalice.eu\/wp-content\/uploads\/2014\/05\/ballon-300x225.jpeg 300w\" sizes=\"(max-width: 1024px) 100vw, 1024px\" \/><\/li>\n                <li style=\"display: none; width: 100%;\" class=\"slide-469 ms-image\"><img width=\"640\" height=\"425\" src=\"https:\/\/www.jardindalice.eu\/wp-content\/uploads\/2013\/11\/JARDIN-CHAISE.jpg\" class=\"slider-460 slide-469\" alt=\"\" loading=\"lazy\" rel=\"\" title=\"JARDIN-CHAISE\" style=\"margin: 0 auto; width: 64.53781512605%\" srcset=\"https:\/\/www.jardindalice.eu\/wp-content\/uploads\/2013\/11\/JARDIN-CHAISE.jpg 640w, https:\/\/www.jardindalice.eu\/wp-content\/uploads\/2013\/11\/JARDIN-CHAISE-300x199.jpg 300w\" sizes=\"(max-width: 640px) 100vw, 640px\" \/><\/li>\n                <li style=\"display: none; width: 100%;\" class=\"slide-470 ms-image\"><img width=\"2848\" height=\"2136\" src=\"https:\/\/www.jardindalice.eu\/wp-content\/uploads\/2013\/11\/Cuisine.jpg\" class=\"slider-460 slide-470\" alt=\"\" loading=\"lazy\" rel=\"\" title=\"Cuisine\" style=\"margin: 0 auto; width: 57.142857142857%\" srcset=\"https:\/\/www.jardindalice.eu\/wp-content\/uploads\/2013\/11\/Cuisine.jpg 2848w, https:\/\/www.jardindalice.eu\/wp-content\/uploads\/2013\/11\/Cuisine-300x225.jpg 300w, https:\/\/www.jardindalice.eu\/wp-content\/uploads\/2013\/11\/Cuisine-1024x768.jpg 1024w\" sizes=\"(max-width: 2848px) 100vw, 2848px\" \/><\/li>\n                <li style=\"display: none; width: 100%;\" class=\"slide-471 ms-image\"><img width=\"1194\" height=\"895\" src=\"https:\/\/www.jardindalice.eu\/wp-content\/uploads\/2013\/11\/dansvignes-e1384008144814.jpg\" class=\"slider-460 slide-471\" alt=\"\" loading=\"lazy\" rel=\"\" title=\"dansvignes\" style=\"margin: 0 auto; width: 57.174780526736%\" \/><\/li>\n                <li style=\"display: none; width: 100%;\" class=\"slide-472 ms-image\"><img width=\"2896\" height=\"1944\" src=\"https:\/\/www.jardindalice.eu\/wp-content\/uploads\/2013\/11\/DSC_0574.jpg\" class=\"slider-460 slide-472\" alt=\"\" loading=\"lazy\" rel=\"\" title=\"DSC_0574\" style=\"margin: 0 auto; width: 63.844797178131%\" srcset=\"https:\/\/www.jardindalice.eu\/wp-content\/uploads\/2013\/11\/DSC_0574.jpg 2896w, https:\/\/www.jardindalice.eu\/wp-content\/uploads\/2013\/11\/DSC_0574-300x201.jpg 300w, https:\/\/www.jardindalice.eu\/wp-content\/uploads\/2013\/11\/DSC_0574-1024x687.jpg 1024w\" sizes=\"(max-width: 2896px) 100vw, 2896px\" \/><\/li>\n            <\/ul>\n        <\/div>\n        \n    <\/div>\n<\/div><\/i><\/p>\n<h1 style=\"text-align: center;\"><span style=\"color: #993300;\"><em><a title=\"Stages r\u00e9guliers\" href=\"https:\/\/www.jardindalice.eu\/?p=319\"><span style=\"color: #993300;\">Consulter l&rsquo;agenda des cours et stages r\u00e9guliers<\/span><\/a><\/em><\/span><\/h1>\n<p style=\"text-align: center;\"><span style=\"color: #993300;\"><strong>\u00a0Cette ann\u00e9e encore, le g\u00eete est occup\u00e9 par des artistes en r\u00e9sidence.<br \/>\nDurant cette p\u00e9riode, le Jardin d&rsquo;Alice ne propose plus d&rsquo;h\u00e9bergement, mais le lieu a r\u00e9organis\u00e9 ses espaces pour continuer \u00e0 accueillir vos stages, \u00e9v\u00e8nements, spectacles ou r\u00e9sidences de cr\u00e9ations.<\/strong><\/span><\/p>\n<p style=\"text-align: center;\">Situ\u00e9 \u00e0 N\u00e9rigean en Gironde, Le Jardin d&rsquo;Alice vous offre des espaces et les \u00e9quipements pour accueillir des \u00e9v\u00e8nements et des r\u00e9sidences d&rsquo;artistes<\/p>\n<p style=\"text-align: center;\">Pour des renseignements personnalis\u00e9s, contactez-nous au 05.57.24.03.74 ou via notre <a title=\"Contact\" href=\"https:\/\/www.jardindalice.eu\/?page_id=10\" target=\"_blank\" rel=\"noopener noreferrer\">formulaire en ligne<\/a><\/p>\n<div style=\"text-align: center;\">\n<p><strong><span style=\"color: #008080;\">Welcome to Jardin d&rsquo;Alice internet site.<\/span><\/strong><\/p>\n<p id=\"tw-target-text\" class=\"tw-data-text tw-text-large tw-ta\" dir=\"ltr\" data-placeholder=\"Traduction\"><span lang=\"en\" style=\"color: #33cccc;\" tabindex=\"0\">This year again, the g\u00eete is occupied by artists in residence. During this period, the Jardin d&rsquo;Alice no longer offers accommodation, but the place has reorganized its spaces to continue hosting your courses, events, shows or residences for creations. Located in N\u00e9rigean in Gironde, Le Jardin d&rsquo;Alice offers spaces and facilities to host events and artist residencies<\/span><\/p>\n<p><span style=\"color: #008080;\">\u00a0<\/span><\/p>\n<\/div>\n<p style=\"text-align: center;\"><a href=\"https:\/\/www.jardindalice.eu\/wp-admin\/index.php\" target=\"_blank\" rel=\"noopener noreferrer\">&#8230;<\/a><\/p>\n","protected":false},"excerpt":{"rendered":"<p>Consulter l&rsquo;agenda des cours et stages r\u00e9guliers \u00a0Cette ann\u00e9e encore, le g\u00eete est occup\u00e9 par des artistes en r\u00e9sidence. Durant cette p\u00e9riode, le Jardin d&rsquo;Alice ne propose plus d&rsquo;h\u00e9bergement, mais le lieu a r\u00e9organis\u00e9 ses espaces pour continuer \u00e0 accueillir vos stages, \u00e9v\u00e8nements, spectacles ou r\u00e9sidences de cr\u00e9ations. Situ\u00e9 \u00e0 N\u00e9rigean en Gironde, Le Jardin [&hellip;]<\/p>\n","protected":false},"author":1,"featured_media":0,"parent":0,"menu_order":0,"comment_status":"open","ping_status":"open","template":"","meta":{"ngg_post_thumbnail":0},"_links":{"self":[{"href":"https:\/\/www.jardindalice.eu\/index.php?rest_route=\/wp\/v2\/pages\/2"}],"collection":[{"href":"https:\/\/www.jardindalice.eu\/index.php?rest_route=\/wp\/v2\/pages"}],"about":[{"href":"https:\/\/www.jardindalice.eu\/index.php?rest_route=\/wp\/v2\/types\/page"}],"author":[{"embeddable":true,"href":"https:\/\/www.jardindalice.eu\/index.php?rest_route=\/wp\/v2\/users\/1"}],"replies":[{"embeddable":true,"href":"https:\/\/www.jardindalice.eu\/index.php?rest_route=%2Fwp%2Fv2%2Fcomments&post=2"}],"version-history":[{"count":60,"href":"https:\/\/www.jardindalice.eu\/index.php?rest_route=\/wp\/v2\/pages\/2\/revisions"}],"predecessor-version":[{"id":665,"href":"https:\/\/www.jardindalice.eu\/index.php?rest_route=\/wp\/v2\/pages\/2\/revisions\/665"}],"wp:attachment":[{"href":"https:\/\/www.jardindalice.eu\/index.php?rest_route=%2Fwp%2Fv2%2Fmedia&parent=2"}],"curies":[{"name":"wp","href":"https:\/\/api.w.org\/{rel}","templated":true}]}}