{"id":7,"date":"2012-12-22T16:00:12","date_gmt":"2012-12-22T15:00:12","guid":{"rendered":"http:\/\/www.jardindalice.eu\/?page_id=7"},"modified":"2024-01-30T15:05:23","modified_gmt":"2024-01-30T14:05:23","slug":"les-lieux","status":"publish","type":"page","link":"https:\/\/www.jardindalice.eu\/?page_id=7","title":{"rendered":"Les Lieux"},"content":{"rendered":"<p style=\"text-align: center;\"><a href=\"https:\/\/www.jardindalice.eu\/wp-content\/uploads\/2012\/12\/Capture-d\u2019e\u0301cran-2014-03-03-a\u0300-13.58.07.png\"><img loading=\"lazy\" class=\"alignnone size-medium wp-image-167 aligncenter\" src=\"https:\/\/www.jardindalice.eu\/wp-content\/uploads\/2012\/12\/Capture-d\u2019e\u0301cran-2014-03-03-a\u0300-13.58.07-300x265.png\" alt=\"Capture d\u2019e\u0301cran 2014-03-03 a\u0300 13.58.07\" width=\"300\" height=\"265\" srcset=\"https:\/\/www.jardindalice.eu\/wp-content\/uploads\/2012\/12\/Capture-d\u2019e\u0301cran-2014-03-03-a\u0300-13.58.07-300x265.png 300w, https:\/\/www.jardindalice.eu\/wp-content\/uploads\/2012\/12\/Capture-d\u2019e\u0301cran-2014-03-03-a\u0300-13.58.07.png 354w\" sizes=\"(max-width: 300px) 100vw, 300px\" \/><\/a><\/p>\n<p style=\"text-align: center;\"><a href=\"https:\/\/www.jardindalice.eu\/wp-content\/uploads\/2012\/12\/ANNEXE-1a.pdf\" target=\"_blank\" rel=\"noopener noreferrer\">Cliquez ici pour d\u00e9couvrir le lieu !<\/a><\/p>\n<h2 style=\"text-align: center;\"><strong><span style=\"text-decoration: underline;\"><span style=\"color: #db192c; text-decoration: underline;\">Dans la formule actuelle :<\/span><\/span><\/strong><\/h2>\n<p style=\"text-align: center;\">\n<div class=\"ngg-galleryoverview ngg-template-caption\" id=\"ngg-gallery-200-7\">\n\n\n\t<!-- Thumbnails -->\n    \t\t\n\t<div id=\"ngg-image-32\" class=\"ngg-gallery-thumbnail-box\"  >\n\t\t<div class=\"ngg-gallery-thumbnail\" >\n\t\t\t<a href=\"https:\/\/www.jardindalice.eu\/wp-content\/gallery\/la-formule-actuelle\/010_09a.jpg\"\n               title=\"Le grand studio\"\n               class=\"ngg-fancybox\" rel=\"200\" data-image-id=\"32\" data-src=\"https:\/\/www.jardindalice.eu\/wp-content\/gallery\/la-formule-actuelle\/010_09a.jpg\" data-thumbnail=\"https:\/\/www.jardindalice.eu\/wp-content\/gallery\/la-formule-actuelle\/thumbs\/thumbs_010_09a.jpg\" data-title=\"LE GRAND STUDIO\" data-description=\"Le grand studio\" >\n\t\t\t\t\t\t\t\t<img title=\"LE GRAND STUDIO\" alt=\"LE GRAND STUDIO\" src=\"https:\/\/www.jardindalice.eu\/wp-content\/gallery\/la-formule-actuelle\/thumbs\/thumbs_010_09a.jpg\" width='120' height='90' \/>\n\t\t\t\t\t\t\t<\/a>\n\t\t\t<span>Le grand studio<\/span>\n\t\t<\/div>\n\t<\/div>\n\t\t \t\t\n\t<div id=\"ngg-image-33\" class=\"ngg-gallery-thumbnail-box\"  >\n\t\t<div class=\"ngg-gallery-thumbnail\" >\n\t\t\t<a href=\"https:\/\/www.jardindalice.eu\/wp-content\/gallery\/la-formule-actuelle\/img_4157.jpg\"\n               title=\"La terrasse\"\n               class=\"ngg-fancybox\" rel=\"200\" data-image-id=\"33\" data-src=\"https:\/\/www.jardindalice.eu\/wp-content\/gallery\/la-formule-actuelle\/img_4157.jpg\" data-thumbnail=\"https:\/\/www.jardindalice.eu\/wp-content\/gallery\/la-formule-actuelle\/thumbs\/thumbs_img_4157.jpg\" data-title=\"La terrasse\" data-description=\"La terrasse\" >\n\t\t\t\t\t\t\t\t<img title=\"La terrasse\" alt=\"La terrasse\" src=\"https:\/\/www.jardindalice.eu\/wp-content\/gallery\/la-formule-actuelle\/thumbs\/thumbs_img_4157.jpg\" width='120' height='90' \/>\n\t\t\t\t\t\t\t<\/a>\n\t\t\t<span>La terrasse<\/span>\n\t\t<\/div>\n\t<\/div>\n\t\t \t\t\n\t<div id=\"ngg-image-34\" class=\"ngg-gallery-thumbnail-box\"  >\n\t\t<div class=\"ngg-gallery-thumbnail\" >\n\t\t\t<a href=\"https:\/\/www.jardindalice.eu\/wp-content\/gallery\/la-formule-actuelle\/img_0917.jpg\"\n               title=\"de l&#039;autre cot\u00e9 ...\"\n               class=\"ngg-fancybox\" rel=\"200\" data-image-id=\"34\" data-src=\"https:\/\/www.jardindalice.eu\/wp-content\/gallery\/la-formule-actuelle\/img_0917.jpg\" data-thumbnail=\"https:\/\/www.jardindalice.eu\/wp-content\/gallery\/la-formule-actuelle\/thumbs\/thumbs_img_0917.jpg\" data-title=\"de l&#039;autre cot\u00e9 ...\" data-description=\"de l&#039;autre cot\u00e9 ...\" >\n\t\t\t\t\t\t\t\t<img title=\"de l&#039;autre cot\u00e9 ...\" alt=\"de l&#039;autre cot\u00e9 ...\" src=\"https:\/\/www.jardindalice.eu\/wp-content\/gallery\/la-formule-actuelle\/thumbs\/thumbs_img_0917.jpg\" width='120' height='90' \/>\n\t\t\t\t\t\t\t<\/a>\n\t\t\t<span>de l'autre cot\u00e9 ...<\/span>\n\t\t<\/div>\n\t<\/div>\n\t\t \t\t\n\t<div id=\"ngg-image-35\" class=\"ngg-gallery-thumbnail-box\"  >\n\t\t<div class=\"ngg-gallery-thumbnail\" >\n\t\t\t<a href=\"https:\/\/www.jardindalice.eu\/wp-content\/gallery\/la-formule-actuelle\/img_1009.jpg\"\n               title=\"...\"\n               class=\"ngg-fancybox\" rel=\"200\" data-image-id=\"35\" data-src=\"https:\/\/www.jardindalice.eu\/wp-content\/gallery\/la-formule-actuelle\/img_1009.jpg\" data-thumbnail=\"https:\/\/www.jardindalice.eu\/wp-content\/gallery\/la-formule-actuelle\/thumbs\/thumbs_img_1009.jpg\" data-title=\"...\" data-description=\"...\" >\n\t\t\t\t\t\t\t\t<img title=\"...\" alt=\"...\" src=\"https:\/\/www.jardindalice.eu\/wp-content\/gallery\/la-formule-actuelle\/thumbs\/thumbs_img_1009.jpg\" width='120' height='90' \/>\n\t\t\t\t\t\t\t<\/a>\n\t\t\t<span>...<\/span>\n\t\t<\/div>\n\t<\/div>\n\t\t \t\t\n\t<div id=\"ngg-image-36\" class=\"ngg-gallery-thumbnail-box\"  >\n\t\t<div class=\"ngg-gallery-thumbnail\" >\n\t\t\t<a href=\"https:\/\/www.jardindalice.eu\/wp-content\/gallery\/la-formule-actuelle\/niou-site.jpg\"\n               title=\"Le grand jardin\"\n               class=\"ngg-fancybox\" rel=\"200\" data-image-id=\"36\" data-src=\"https:\/\/www.jardindalice.eu\/wp-content\/gallery\/la-formule-actuelle\/niou-site.jpg\" data-thumbnail=\"https:\/\/www.jardindalice.eu\/wp-content\/gallery\/la-formule-actuelle\/thumbs\/thumbs_niou-site.jpg\" data-title=\"Le grand jardin\" data-description=\"Le grand jardin\" >\n\t\t\t\t\t\t\t\t<img title=\"Le grand jardin\" alt=\"Le grand jardin\" src=\"https:\/\/www.jardindalice.eu\/wp-content\/gallery\/la-formule-actuelle\/thumbs\/thumbs_niou-site.jpg\" width='120' height='90' \/>\n\t\t\t\t\t\t\t<\/a>\n\t\t\t<span>Le grand jardin<\/span>\n\t\t<\/div>\n\t<\/div>\n\t\t \t\t\n\t<div id=\"ngg-image-37\" class=\"ngg-gallery-thumbnail-box\"  >\n\t\t<div class=\"ngg-gallery-thumbnail\" >\n\t\t\t<a href=\"https:\/\/www.jardindalice.eu\/wp-content\/gallery\/la-formule-actuelle\/img_1202.jpg\"\n               title=\"Le petit studio\"\n               class=\"ngg-fancybox\" rel=\"200\" data-image-id=\"37\" data-src=\"https:\/\/www.jardindalice.eu\/wp-content\/gallery\/la-formule-actuelle\/img_1202.jpg\" data-thumbnail=\"https:\/\/www.jardindalice.eu\/wp-content\/gallery\/la-formule-actuelle\/thumbs\/thumbs_img_1202.jpg\" data-title=\"Le petit studio\" data-description=\"Le petit studio\" >\n\t\t\t\t\t\t\t\t<img title=\"Le petit studio\" alt=\"Le petit studio\" src=\"https:\/\/www.jardindalice.eu\/wp-content\/gallery\/la-formule-actuelle\/thumbs\/thumbs_img_1202.jpg\" width='120' height='90' \/>\n\t\t\t\t\t\t\t<\/a>\n\t\t\t<span>Le petit studio<\/span>\n\t\t<\/div>\n\t<\/div>\n\t\t \t\t\n\t<div id=\"ngg-image-38\" class=\"ngg-gallery-thumbnail-box\"  >\n\t\t<div class=\"ngg-gallery-thumbnail\" >\n\t\t\t<a href=\"https:\/\/www.jardindalice.eu\/wp-content\/gallery\/la-formule-actuelle\/img_1312.jpg\"\n               title=\"Le petit studio\"\n               class=\"ngg-fancybox\" rel=\"200\" data-image-id=\"38\" data-src=\"https:\/\/www.jardindalice.eu\/wp-content\/gallery\/la-formule-actuelle\/img_1312.jpg\" data-thumbnail=\"https:\/\/www.jardindalice.eu\/wp-content\/gallery\/la-formule-actuelle\/thumbs\/thumbs_img_1312.jpg\" data-title=\"Le petit studio\" data-description=\"Le petit studio\" >\n\t\t\t\t\t\t\t\t<img title=\"Le petit studio\" alt=\"Le petit studio\" src=\"https:\/\/www.jardindalice.eu\/wp-content\/gallery\/la-formule-actuelle\/thumbs\/thumbs_img_1312.jpg\" width='120' height='90' \/>\n\t\t\t\t\t\t\t<\/a>\n\t\t\t<span>Le petit studio<\/span>\n\t\t<\/div>\n\t<\/div>\n\t\t \t \t\n\t<!-- Pagination -->\n \t<div class='ngg-clear'><\/div> \t\n<\/div>\n\n<\/p>\n<p style=\"text-align: center;\">Deux pi\u00e8ces attenantes au Grand studio sont \u00e0 votre disposition en guise de salle \u00e0 manger, de salon ou de coulisses.<\/p>\n<p>&nbsp;<\/p>\n","protected":false},"excerpt":{"rendered":"<p>Cliquez ici pour d\u00e9couvrir le lieu ! Dans la formule actuelle : Le grand studio La terrasse de l&rsquo;autre cot\u00e9 &#8230; &#8230; Le grand jardin Le petit studio Le petit studio Deux pi\u00e8ces attenantes au Grand studio sont \u00e0 votre disposition en guise de salle \u00e0 manger, de salon ou de coulisses. &nbsp;<\/p>\n","protected":false},"author":1,"featured_media":0,"parent":0,"menu_order":1,"comment_status":"open","ping_status":"open","template":"","meta":{"ngg_post_thumbnail":0},"_links":{"self":[{"href":"https:\/\/www.jardindalice.eu\/index.php?rest_route=\/wp\/v2\/pages\/7"}],"collection":[{"href":"https:\/\/www.jardindalice.eu\/index.php?rest_route=\/wp\/v2\/pages"}],"about":[{"href":"https:\/\/www.jardindalice.eu\/index.php?rest_route=\/wp\/v2\/types\/page"}],"author":[{"embeddable":true,"href":"https:\/\/www.jardindalice.eu\/index.php?rest_route=\/wp\/v2\/users\/1"}],"replies":[{"embeddable":true,"href":"https:\/\/www.jardindalice.eu\/index.php?rest_route=%2Fwp%2Fv2%2Fcomments&post=7"}],"version-history":[{"count":24,"href":"https:\/\/www.jardindalice.eu\/index.php?rest_route=\/wp\/v2\/pages\/7\/revisions"}],"predecessor-version":[{"id":690,"href":"https:\/\/www.jardindalice.eu\/index.php?rest_route=\/wp\/v2\/pages\/7\/revisions\/690"}],"wp:attachment":[{"href":"https:\/\/www.jardindalice.eu\/index.php?rest_route=%2Fwp%2Fv2%2Fmedia&parent=7"}],"curies":[{"name":"wp","href":"https:\/\/api.w.org\/{rel}","templated":true}]}}